{"id":11,"date":"2024-04-16T15:54:52","date_gmt":"2024-04-16T13:54:52","guid":{"rendered":"http:\/\/creation-sitesweb.com\/?page_id=11"},"modified":"2024-04-18T17:30:30","modified_gmt":"2024-04-18T15:30:30","slug":"accueil","status":"publish","type":"page","link":"https:\/\/creation-sitesweb.com\/","title":{"rendered":"Accueil"},"content":{"rendered":"<div class=\"wp-block-image\">\n<figure class=\"aligncenter size-large\"><img loading=\"lazy\" decoding=\"async\" width=\"1024\" height=\"577\" src=\"https:\/\/creation-sitesweb.com\/wp-content\/uploads\/2024\/04\/pagefb-creation-sitesweb-1-1024x577.png\" alt=\"\" class=\"wp-image-53\" srcset=\"https:\/\/creation-sitesweb.com\/wp-content\/uploads\/2024\/04\/pagefb-creation-sitesweb-1-1024x577.png 1024w, https:\/\/creation-sitesweb.com\/wp-content\/uploads\/2024\/04\/pagefb-creation-sitesweb-1-300x169.png 300w, https:\/\/creation-sitesweb.com\/wp-content\/uploads\/2024\/04\/pagefb-creation-sitesweb-1-768x433.png 768w, https:\/\/creation-sitesweb.com\/wp-content\/uploads\/2024\/04\/pagefb-creation-sitesweb-1-1536x865.png 1536w, https:\/\/creation-sitesweb.com\/wp-content\/uploads\/2024\/04\/pagefb-creation-sitesweb-1.png 1640w\" sizes=\"auto, (max-width: 1024px) 100vw, 1024px\" \/><\/figure>\n<\/div>\n\n\n<h2 class=\"wp-block-heading alignfull has-text-align-center has-vivid-cyan-blue-color has-text-color has-link-color wp-elements-4953d6d42bb0592045a1126ea5651e35\">Cr\u00e9ation Sites Web<\/h2>\n\n\n\n<p class=\"has-black-color has-text-color has-link-color wp-elements-5a946e98256a61050ca24a98919bab17\">Cr\u00e9ation Sites Web. Nous sommes passionn\u00e9s par la cr\u00e9ation de sites internet uniques et innovants qui aident nos clients \u00e0 se d\u00e9marquer en ligne. Notre \u00e9quipe talentueuse de designers, d\u00e9veloppeurs et sp\u00e9cialistes du marketing travaille en \u00e9troite collaboration avec chaque client pour comprendre leurs besoins et cr\u00e9er une solution sur mesure qui correspond \u00e0 leur image de marque et \u00e0 leurs objectifs.<\/p>\n\n\n\n<p class=\"has-black-color has-text-color has-link-color wp-elements-95222cd324f1ca7b12ee5fa515a374e6\">Que vous soyez une petite entreprise cherchant \u00e0 \u00e9tablir une pr\u00e9sence en ligne ou une entreprise \u00e9tablie souhaitant am\u00e9liorer son site web existant, nous sommes l\u00e0 pour vous aider. Gr\u00e2ce \u00e0 notre expertise technique et \u00e0 notre approche cr\u00e9ative, nous pouvons concevoir un site internet professionnel, convivial et optimis\u00e9 pour les moteurs de recherche qui vous aidera \u00e0 atteindre vos objectifs commerciaux.<\/p>\n\n\n\n<p class=\"has-black-color has-text-color has-link-color wp-elements-07995d83a9a78b250d578144ad0bd301\">Contactez-nous d\u00e8s aujourd&rsquo;hui pour en savoir plus sur nos services de cr\u00e9ation de sites internet et d\u00e9couvrir comment nous pouvons vous aider \u00e0 r\u00e9ussir en ligne. Votre succ\u00e8s est notre priorit\u00e9!\u00a0\u00bb<\/p>\n","protected":false},"excerpt":{"rendered":"<p>Cr\u00e9ation Sites Web Cr\u00e9ation Sites Web. Nous sommes passionn\u00e9s par la cr\u00e9ation de sites internet uniques et innovants qui aident nos clients \u00e0 se d\u00e9marquer en ligne. Notre \u00e9quipe talentueuse de designers, d\u00e9veloppeurs et sp\u00e9cialistes du marketing travaille en \u00e9troite<\/p>\n","protected":false},"author":1,"featured_media":0,"parent":0,"menu_order":0,"comment_status":"closed","ping_status":"closed","template":"","meta":{"footnotes":""},"class_list":["post-11","page","type-page","status-publish","hentry"],"yoast_head":"<!-- This site is optimized with the Yoast SEO plugin v25.4 - https:\/\/yoast.com\/wordpress\/plugins\/seo\/ -->\n<title>Accueil - Cr\u00e9ation Sites Web<\/title>\n<meta name=\"robots\" content=\"index, follow, max-snippet:-1, max-image-preview:large, max-video-preview:-1\" \/>\n<link rel=\"canonical\" href=\"https:\/\/creation-sitesweb.com\/\" \/>\n<meta property=\"og:locale\" content=\"fr_FR\" \/>\n<meta property=\"og:type\" content=\"article\" \/>\n<meta property=\"og:title\" content=\"Accueil - Cr\u00e9ation Sites Web\" \/>\n<meta property=\"og:description\" content=\"Cr\u00e9ation Sites Web Cr\u00e9ation Sites Web. Nous sommes passionn\u00e9s par la cr\u00e9ation de sites internet uniques et innovants qui aident nos clients \u00e0 se d\u00e9marquer en ligne. Notre \u00e9quipe talentueuse de designers, d\u00e9veloppeurs et sp\u00e9cialistes du marketing travaille en \u00e9troite\" \/>\n<meta property=\"og:url\" content=\"https:\/\/creation-sitesweb.com\/\" \/>\n<meta property=\"og:site_name\" content=\"Cr\u00e9ation Sites Web\" \/>\n<meta property=\"article:modified_time\" content=\"2024-04-18T15:30:30+00:00\" \/>\n<meta property=\"og:image\" content=\"http:\/\/creation-sitesweb.com\/wp-content\/uploads\/2024\/04\/pagefb-creation-sitesweb-1-1024x577.png\" \/>\n<meta name=\"twitter:card\" content=\"summary_large_image\" \/>\n<meta name=\"twitter:label1\" content=\"Dur\u00e9e de lecture estim\u00e9e\" \/>\n\t<meta name=\"twitter:data1\" content=\"1 minute\" \/>\n<script type=\"application\/ld+json\" class=\"yoast-schema-graph\">{\"@context\":\"https:\/\/schema.org\",\"@graph\":[{\"@type\":\"WebPage\",\"@id\":\"https:\/\/creation-sitesweb.com\/\",\"url\":\"https:\/\/creation-sitesweb.com\/\",\"name\":\"Accueil - Cr\u00e9ation Sites Web\",\"isPartOf\":{\"@id\":\"https:\/\/creation-sitesweb.com\/#website\"},\"primaryImageOfPage\":{\"@id\":\"https:\/\/creation-sitesweb.com\/#primaryimage\"},\"image\":{\"@id\":\"https:\/\/creation-sitesweb.com\/#primaryimage\"},\"thumbnailUrl\":\"http:\/\/creation-sitesweb.com\/wp-content\/uploads\/2024\/04\/pagefb-creation-sitesweb-1-1024x577.png\",\"datePublished\":\"2024-04-16T13:54:52+00:00\",\"dateModified\":\"2024-04-18T15:30:30+00:00\",\"breadcrumb\":{\"@id\":\"https:\/\/creation-sitesweb.com\/#breadcrumb\"},\"inLanguage\":\"fr-FR\",\"potentialAction\":[{\"@type\":\"ReadAction\",\"target\":[\"https:\/\/creation-sitesweb.com\/\"]}]},{\"@type\":\"ImageObject\",\"inLanguage\":\"fr-FR\",\"@id\":\"https:\/\/creation-sitesweb.com\/#primaryimage\",\"url\":\"http:\/\/creation-sitesweb.com\/wp-content\/uploads\/2024\/04\/pagefb-creation-sitesweb-1-1024x577.png\",\"contentUrl\":\"http:\/\/creation-sitesweb.com\/wp-content\/uploads\/2024\/04\/pagefb-creation-sitesweb-1-1024x577.png\"},{\"@type\":\"BreadcrumbList\",\"@id\":\"https:\/\/creation-sitesweb.com\/#breadcrumb\",\"itemListElement\":[{\"@type\":\"ListItem\",\"position\":1,\"name\":\"Accueil\",\"item\":\"https:\/\/creation-sitesweb.com\/\"},{\"@type\":\"ListItem\",\"position\":2,\"name\":\"Accueil\"}]},{\"@type\":\"WebSite\",\"@id\":\"https:\/\/creation-sitesweb.com\/#website\",\"url\":\"https:\/\/creation-sitesweb.com\/\",\"name\":\"Cr\u00e9ation Sites Web\",\"description\":\"Un site qui vous ressemble\",\"potentialAction\":[{\"@type\":\"SearchAction\",\"target\":{\"@type\":\"EntryPoint\",\"urlTemplate\":\"https:\/\/creation-sitesweb.com\/?s={search_term_string}\"},\"query-input\":{\"@type\":\"PropertyValueSpecification\",\"valueRequired\":true,\"valueName\":\"search_term_string\"}}],\"inLanguage\":\"fr-FR\"}]}<\/script>\n<!-- \/ Yoast SEO plugin. -->","yoast_head_json":{"title":"Accueil - Cr\u00e9ation Sites Web","robots":{"index":"index","follow":"follow","max-snippet":"max-snippet:-1","max-image-preview":"max-image-preview:large","max-video-preview":"max-video-preview:-1"},"canonical":"https:\/\/creation-sitesweb.com\/","og_locale":"fr_FR","og_type":"article","og_title":"Accueil - Cr\u00e9ation Sites Web","og_description":"Cr\u00e9ation Sites Web Cr\u00e9ation Sites Web. Nous sommes passionn\u00e9s par la cr\u00e9ation de sites internet uniques et innovants qui aident nos clients \u00e0 se d\u00e9marquer en ligne. Notre \u00e9quipe talentueuse de designers, d\u00e9veloppeurs et sp\u00e9cialistes du marketing travaille en \u00e9troite","og_url":"https:\/\/creation-sitesweb.com\/","og_site_name":"Cr\u00e9ation Sites Web","article_modified_time":"2024-04-18T15:30:30+00:00","og_image":[{"url":"http:\/\/creation-sitesweb.com\/wp-content\/uploads\/2024\/04\/pagefb-creation-sitesweb-1-1024x577.png","type":"","width":"","height":""}],"twitter_card":"summary_large_image","twitter_misc":{"Dur\u00e9e de lecture estim\u00e9e":"1 minute"},"schema":{"@context":"https:\/\/schema.org","@graph":[{"@type":"WebPage","@id":"https:\/\/creation-sitesweb.com\/","url":"https:\/\/creation-sitesweb.com\/","name":"Accueil - Cr\u00e9ation Sites Web","isPartOf":{"@id":"https:\/\/creation-sitesweb.com\/#website"},"primaryImageOfPage":{"@id":"https:\/\/creation-sitesweb.com\/#primaryimage"},"image":{"@id":"https:\/\/creation-sitesweb.com\/#primaryimage"},"thumbnailUrl":"http:\/\/creation-sitesweb.com\/wp-content\/uploads\/2024\/04\/pagefb-creation-sitesweb-1-1024x577.png","datePublished":"2024-04-16T13:54:52+00:00","dateModified":"2024-04-18T15:30:30+00:00","breadcrumb":{"@id":"https:\/\/creation-sitesweb.com\/#breadcrumb"},"inLanguage":"fr-FR","potentialAction":[{"@type":"ReadAction","target":["https:\/\/creation-sitesweb.com\/"]}]},{"@type":"ImageObject","inLanguage":"fr-FR","@id":"https:\/\/creation-sitesweb.com\/#primaryimage","url":"http:\/\/creation-sitesweb.com\/wp-content\/uploads\/2024\/04\/pagefb-creation-sitesweb-1-1024x577.png","contentUrl":"http:\/\/creation-sitesweb.com\/wp-content\/uploads\/2024\/04\/pagefb-creation-sitesweb-1-1024x577.png"},{"@type":"BreadcrumbList","@id":"https:\/\/creation-sitesweb.com\/#breadcrumb","itemListElement":[{"@type":"ListItem","position":1,"name":"Accueil","item":"https:\/\/creation-sitesweb.com\/"},{"@type":"ListItem","position":2,"name":"Accueil"}]},{"@type":"WebSite","@id":"https:\/\/creation-sitesweb.com\/#website","url":"https:\/\/creation-sitesweb.com\/","name":"Cr\u00e9ation Sites Web","description":"Un site qui vous ressemble","potentialAction":[{"@type":"SearchAction","target":{"@type":"EntryPoint","urlTemplate":"https:\/\/creation-sitesweb.com\/?s={search_term_string}"},"query-input":{"@type":"PropertyValueSpecification","valueRequired":true,"valueName":"search_term_string"}}],"inLanguage":"fr-FR"}]}},"_links":{"self":[{"href":"https:\/\/creation-sitesweb.com\/index.php\/wp-json\/wp\/v2\/pages\/11","targetHints":{"allow":["GET"]}}],"collection":[{"href":"https:\/\/creation-sitesweb.com\/index.php\/wp-json\/wp\/v2\/pages"}],"about":[{"href":"https:\/\/creation-sitesweb.com\/index.php\/wp-json\/wp\/v2\/types\/page"}],"author":[{"embeddable":true,"href":"https:\/\/creation-sitesweb.com\/index.php\/wp-json\/wp\/v2\/users\/1"}],"replies":[{"embeddable":true,"href":"https:\/\/creation-sitesweb.com\/index.php\/wp-json\/wp\/v2\/comments?post=11"}],"version-history":[{"count":4,"href":"https:\/\/creation-sitesweb.com\/index.php\/wp-json\/wp\/v2\/pages\/11\/revisions"}],"predecessor-version":[{"id":72,"href":"https:\/\/creation-sitesweb.com\/index.php\/wp-json\/wp\/v2\/pages\/11\/revisions\/72"}],"wp:attachment":[{"href":"https:\/\/creation-sitesweb.com\/index.php\/wp-json\/wp\/v2\/media?parent=11"}],"curies":[{"name":"wp","href":"https:\/\/api.w.org\/{rel}","templated":true}]}}