{"id":76,"date":"2024-04-18T17:40:52","date_gmt":"2024-04-18T15:40:52","guid":{"rendered":"http:\/\/creation-sitesweb.com\/?page_id=76"},"modified":"2024-04-18T20:27:43","modified_gmt":"2024-04-18T18:27:43","slug":"informations","status":"publish","type":"page","link":"https:\/\/creation-sitesweb.com\/index.php\/informations\/","title":{"rendered":"Informations"},"content":{"rendered":"<div class=\"wp-block-image\">\n<figure class=\"aligncenter size-large is-resized\"><img loading=\"lazy\" decoding=\"async\" width=\"1024\" height=\"724\" src=\"https:\/\/creation-sitesweb.com\/wp-content\/uploads\/2024\/04\/web-1668927_1280-1024x724.jpg\" alt=\"\" class=\"wp-image-83\" style=\"width:516px;height:auto\" srcset=\"https:\/\/creation-sitesweb.com\/wp-content\/uploads\/2024\/04\/web-1668927_1280-1024x724.jpg 1024w, https:\/\/creation-sitesweb.com\/wp-content\/uploads\/2024\/04\/web-1668927_1280-300x212.jpg 300w, https:\/\/creation-sitesweb.com\/wp-content\/uploads\/2024\/04\/web-1668927_1280-768x543.jpg 768w, https:\/\/creation-sitesweb.com\/wp-content\/uploads\/2024\/04\/web-1668927_1280.jpg 1280w\" sizes=\"auto, (max-width: 1024px) 100vw, 1024px\" \/><\/figure>\n<\/div>\n\n\n<p class=\"has-black-color has-text-color has-link-color wp-elements-68e4db4a7500ea3805f02f02a7da1836\"><strong>Qui suis je ?<\/strong><br>Passionn\u00e9 d&rsquo;informatique depuis mon plus jeune \u00e2ge, je me suis form\u00e9 en tant que webmaster il y a plus de 15 ans. Mon entreprise est situ\u00e9e en France dans le sud ouest mais j&rsquo;interviens dans toute la France (Rendez-vous en Visio). Votre site 100 % francais !<br>Un seul interlocuteur pour un suivi plus efficasse !<\/p>\n\n\n\n<p class=\"has-black-color has-text-color has-link-color wp-elements-3f46f5c232753562eadad302d1142ea8\"><strong>Pourquoi un site web ?<\/strong><br>Cr\u00e9er un site web peut pr\u00e9senter de nombreux avantages, que ce soit pour une entreprise, un projet personnel ou une organisation. Un site web permet de pr\u00e9senter vos produits ou services, d&rsquo;atteindre un plus large public, de renforcer votre pr\u00e9sence en ligne, de communiquer avec vos clients ou votre audience, de vendre en ligne, et bien plus encore. C&rsquo;est un outil puissant pour d\u00e9velopper votre visibilit\u00e9 et votre cr\u00e9dibilit\u00e9.<\/p>\n\n\n\n<p class=\"has-black-color has-text-color has-link-color wp-elements-99d59792891b14dc2b2dceac42d30c22\"><strong>Delai pour votre site<\/strong><br>Le delai pour la r\u00e9aisation de votre site internet depend de votre <a href=\"https:\/\/creation-sitesweb.com\/index.php\/tarifs\/\" data-type=\"page\" data-id=\"13\">formule<\/a> choisie normalement la livraison de votre site est estim\u00e9e entre 8 et 15 jours (hors E-Boutique)<\/p>\n","protected":false},"excerpt":{"rendered":"<p>Qui suis je ?Passionn\u00e9 d&rsquo;informatique depuis mon plus jeune \u00e2ge, je me suis form\u00e9 en tant que webmaster il y a plus de 15 ans. Mon entreprise est situ\u00e9e en France dans le sud ouest mais j&rsquo;interviens dans toute la<\/p>\n","protected":false},"author":2,"featured_media":0,"parent":0,"menu_order":0,"comment_status":"closed","ping_status":"closed","template":"","meta":{"footnotes":""},"class_list":["post-76","page","type-page","status-publish","hentry"],"yoast_head":"<!-- This site is optimized with the Yoast SEO plugin v25.4 - https:\/\/yoast.com\/wordpress\/plugins\/seo\/ -->\n<title>Informations - Cr\u00e9ation Sites Web<\/title>\n<meta name=\"robots\" content=\"index, follow, max-snippet:-1, max-image-preview:large, max-video-preview:-1\" \/>\n<link rel=\"canonical\" href=\"https:\/\/creation-sitesweb.com\/index.php\/informations\/\" \/>\n<meta property=\"og:locale\" content=\"fr_FR\" \/>\n<meta property=\"og:type\" content=\"article\" \/>\n<meta property=\"og:title\" content=\"Informations - Cr\u00e9ation Sites Web\" \/>\n<meta property=\"og:description\" content=\"Qui suis je ?Passionn\u00e9 d&rsquo;informatique depuis mon plus jeune \u00e2ge, je me suis form\u00e9 en tant que webmaster il y a plus de 15 ans. Mon entreprise est situ\u00e9e en France dans le sud ouest mais j&rsquo;interviens dans toute la\" \/>\n<meta property=\"og:url\" content=\"https:\/\/creation-sitesweb.com\/index.php\/informations\/\" \/>\n<meta property=\"og:site_name\" content=\"Cr\u00e9ation Sites Web\" \/>\n<meta property=\"article:modified_time\" content=\"2024-04-18T18:27:43+00:00\" \/>\n<meta property=\"og:image\" content=\"https:\/\/creation-sitesweb.com\/wp-content\/uploads\/2024\/04\/web-1668927_1280.jpg\" \/>\n\t<meta property=\"og:image:width\" content=\"1280\" \/>\n\t<meta property=\"og:image:height\" content=\"905\" \/>\n\t<meta property=\"og:image:type\" content=\"image\/jpeg\" \/>\n<meta name=\"twitter:card\" content=\"summary_large_image\" \/>\n<meta name=\"twitter:label1\" content=\"Dur\u00e9e de lecture estim\u00e9e\" \/>\n\t<meta name=\"twitter:data1\" content=\"1 minute\" \/>\n<script type=\"application\/ld+json\" class=\"yoast-schema-graph\">{\"@context\":\"https:\/\/schema.org\",\"@graph\":[{\"@type\":\"WebPage\",\"@id\":\"https:\/\/creation-sitesweb.com\/index.php\/informations\/\",\"url\":\"https:\/\/creation-sitesweb.com\/index.php\/informations\/\",\"name\":\"Informations - Cr\u00e9ation Sites Web\",\"isPartOf\":{\"@id\":\"https:\/\/creation-sitesweb.com\/#website\"},\"primaryImageOfPage\":{\"@id\":\"https:\/\/creation-sitesweb.com\/index.php\/informations\/#primaryimage\"},\"image\":{\"@id\":\"https:\/\/creation-sitesweb.com\/index.php\/informations\/#primaryimage\"},\"thumbnailUrl\":\"https:\/\/creation-sitesweb.com\/wp-content\/uploads\/2024\/04\/web-1668927_1280-1024x724.jpg\",\"datePublished\":\"2024-04-18T15:40:52+00:00\",\"dateModified\":\"2024-04-18T18:27:43+00:00\",\"breadcrumb\":{\"@id\":\"https:\/\/creation-sitesweb.com\/index.php\/informations\/#breadcrumb\"},\"inLanguage\":\"fr-FR\",\"potentialAction\":[{\"@type\":\"ReadAction\",\"target\":[\"https:\/\/creation-sitesweb.com\/index.php\/informations\/\"]}]},{\"@type\":\"ImageObject\",\"inLanguage\":\"fr-FR\",\"@id\":\"https:\/\/creation-sitesweb.com\/index.php\/informations\/#primaryimage\",\"url\":\"https:\/\/creation-sitesweb.com\/wp-content\/uploads\/2024\/04\/web-1668927_1280.jpg\",\"contentUrl\":\"https:\/\/creation-sitesweb.com\/wp-content\/uploads\/2024\/04\/web-1668927_1280.jpg\",\"width\":1280,\"height\":905},{\"@type\":\"BreadcrumbList\",\"@id\":\"https:\/\/creation-sitesweb.com\/index.php\/informations\/#breadcrumb\",\"itemListElement\":[{\"@type\":\"ListItem\",\"position\":1,\"name\":\"Accueil\",\"item\":\"https:\/\/creation-sitesweb.com\/\"},{\"@type\":\"ListItem\",\"position\":2,\"name\":\"Informations\"}]},{\"@type\":\"WebSite\",\"@id\":\"https:\/\/creation-sitesweb.com\/#website\",\"url\":\"https:\/\/creation-sitesweb.com\/\",\"name\":\"Cr\u00e9ation Sites Web\",\"description\":\"Un site qui vous ressemble\",\"potentialAction\":[{\"@type\":\"SearchAction\",\"target\":{\"@type\":\"EntryPoint\",\"urlTemplate\":\"https:\/\/creation-sitesweb.com\/?s={search_term_string}\"},\"query-input\":{\"@type\":\"PropertyValueSpecification\",\"valueRequired\":true,\"valueName\":\"search_term_string\"}}],\"inLanguage\":\"fr-FR\"}]}<\/script>\n<!-- \/ Yoast SEO plugin. -->","yoast_head_json":{"title":"Informations - Cr\u00e9ation Sites Web","robots":{"index":"index","follow":"follow","max-snippet":"max-snippet:-1","max-image-preview":"max-image-preview:large","max-video-preview":"max-video-preview:-1"},"canonical":"https:\/\/creation-sitesweb.com\/index.php\/informations\/","og_locale":"fr_FR","og_type":"article","og_title":"Informations - Cr\u00e9ation Sites Web","og_description":"Qui suis je ?Passionn\u00e9 d&rsquo;informatique depuis mon plus jeune \u00e2ge, je me suis form\u00e9 en tant que webmaster il y a plus de 15 ans. Mon entreprise est situ\u00e9e en France dans le sud ouest mais j&rsquo;interviens dans toute la","og_url":"https:\/\/creation-sitesweb.com\/index.php\/informations\/","og_site_name":"Cr\u00e9ation Sites Web","article_modified_time":"2024-04-18T18:27:43+00:00","og_image":[{"width":1280,"height":905,"url":"https:\/\/creation-sitesweb.com\/wp-content\/uploads\/2024\/04\/web-1668927_1280.jpg","type":"image\/jpeg"}],"twitter_card":"summary_large_image","twitter_misc":{"Dur\u00e9e de lecture estim\u00e9e":"1 minute"},"schema":{"@context":"https:\/\/schema.org","@graph":[{"@type":"WebPage","@id":"https:\/\/creation-sitesweb.com\/index.php\/informations\/","url":"https:\/\/creation-sitesweb.com\/index.php\/informations\/","name":"Informations - Cr\u00e9ation Sites Web","isPartOf":{"@id":"https:\/\/creation-sitesweb.com\/#website"},"primaryImageOfPage":{"@id":"https:\/\/creation-sitesweb.com\/index.php\/informations\/#primaryimage"},"image":{"@id":"https:\/\/creation-sitesweb.com\/index.php\/informations\/#primaryimage"},"thumbnailUrl":"https:\/\/creation-sitesweb.com\/wp-content\/uploads\/2024\/04\/web-1668927_1280-1024x724.jpg","datePublished":"2024-04-18T15:40:52+00:00","dateModified":"2024-04-18T18:27:43+00:00","breadcrumb":{"@id":"https:\/\/creation-sitesweb.com\/index.php\/informations\/#breadcrumb"},"inLanguage":"fr-FR","potentialAction":[{"@type":"ReadAction","target":["https:\/\/creation-sitesweb.com\/index.php\/informations\/"]}]},{"@type":"ImageObject","inLanguage":"fr-FR","@id":"https:\/\/creation-sitesweb.com\/index.php\/informations\/#primaryimage","url":"https:\/\/creation-sitesweb.com\/wp-content\/uploads\/2024\/04\/web-1668927_1280.jpg","contentUrl":"https:\/\/creation-sitesweb.com\/wp-content\/uploads\/2024\/04\/web-1668927_1280.jpg","width":1280,"height":905},{"@type":"BreadcrumbList","@id":"https:\/\/creation-sitesweb.com\/index.php\/informations\/#breadcrumb","itemListElement":[{"@type":"ListItem","position":1,"name":"Accueil","item":"https:\/\/creation-sitesweb.com\/"},{"@type":"ListItem","position":2,"name":"Informations"}]},{"@type":"WebSite","@id":"https:\/\/creation-sitesweb.com\/#website","url":"https:\/\/creation-sitesweb.com\/","name":"Cr\u00e9ation Sites Web","description":"Un site qui vous ressemble","potentialAction":[{"@type":"SearchAction","target":{"@type":"EntryPoint","urlTemplate":"https:\/\/creation-sitesweb.com\/?s={search_term_string}"},"query-input":{"@type":"PropertyValueSpecification","valueRequired":true,"valueName":"search_term_string"}}],"inLanguage":"fr-FR"}]}},"_links":{"self":[{"href":"https:\/\/creation-sitesweb.com\/index.php\/wp-json\/wp\/v2\/pages\/76","targetHints":{"allow":["GET"]}}],"collection":[{"href":"https:\/\/creation-sitesweb.com\/index.php\/wp-json\/wp\/v2\/pages"}],"about":[{"href":"https:\/\/creation-sitesweb.com\/index.php\/wp-json\/wp\/v2\/types\/page"}],"author":[{"embeddable":true,"href":"https:\/\/creation-sitesweb.com\/index.php\/wp-json\/wp\/v2\/users\/2"}],"replies":[{"embeddable":true,"href":"https:\/\/creation-sitesweb.com\/index.php\/wp-json\/wp\/v2\/comments?post=76"}],"version-history":[{"count":6,"href":"https:\/\/creation-sitesweb.com\/index.php\/wp-json\/wp\/v2\/pages\/76\/revisions"}],"predecessor-version":[{"id":93,"href":"https:\/\/creation-sitesweb.com\/index.php\/wp-json\/wp\/v2\/pages\/76\/revisions\/93"}],"wp:attachment":[{"href":"https:\/\/creation-sitesweb.com\/index.php\/wp-json\/wp\/v2\/media?parent=76"}],"curies":[{"name":"wp","href":"https:\/\/api.w.org\/{rel}","templated":true}]}}